{"id":2,"date":"2019-02-04T22:18:00","date_gmt":"2019-02-04T21:18:00","guid":{"rendered":"https:\/\/masquedeprotection.ca\/?page_id=2"},"modified":"2020-07-19T15:52:37","modified_gmt":"2020-07-19T19:52:37","slug":"page-d-exemple","status":"publish","type":"page","link":"https:\/\/masquedeprotection.ca\/","title":{"rendered":"Protection respiratoire, les respirateurs motoris\u00e9 et autonome."},"content":{"rendered":"\n<p>Lorsque les travailleurs sont en pr\u00e9sence de contaminants plus\ntoxiques, le choix d\u2019\u00e9quipements plus sophistiqu\u00e9 s\u2019impose. Nous avons r\u00e9pertori\u00e9\nles \u00e9quipements de protection respiratoire avec des facteurs de protection de\n25 et plus.<\/p>\n\n\n\n<p><strong>Les respirateurs avec\ndes facteurs de protection de 25.<\/strong><\/p>\n\n\n\n<div class=\"wp-block-image\"><figure class=\"alignright size-large\"><img loading=\"lazy\" decoding=\"async\" width=\"300\" height=\"300\" src=\"https:\/\/masquedeprotection.ca\/wp-content\/uploads\/2020\/07\/37314-3M-Versaflo-Respiratory-Faceshield-Assembly-M-105-37314-with-Standard-Visor-and-Faceseal.jpg\" alt=\"\" class=\"wp-image-22\" srcset=\"https:\/\/masquedeprotection.ca\/wp-content\/uploads\/2020\/07\/37314-3M-Versaflo-Respiratory-Faceshield-Assembly-M-105-37314-with-Standard-Visor-and-Faceseal.jpg 300w, https:\/\/masquedeprotection.ca\/wp-content\/uploads\/2020\/07\/37314-3M-Versaflo-Respiratory-Faceshield-Assembly-M-105-37314-with-Standard-Visor-and-Faceseal-150x150.jpg 150w, https:\/\/masquedeprotection.ca\/wp-content\/uploads\/2020\/07\/37314-3M-Versaflo-Respiratory-Faceshield-Assembly-M-105-37314-with-Standard-Visor-and-Faceseal-100x100.jpg 100w\" sizes=\"auto, (max-width: 300px) 100vw, 300px\" \/><\/figure><\/div>\n\n\n\n<p>D\u2019ambl\u00e9 lorsqu\u2019on recherche ce type de facteur de protection\non se dirige vers des \u00e9quipements motoris\u00e9s. C\u2019est-\u00e0-dire qu\u2019ils sont \u00e9quip\u00e9s\nd\u2019un moteur, une pompe qui va chercher l\u2019air pour vous. Ce type d\u2019\u00e9quipement\nfonctionne en mode pression positive, la probl\u00e9matique d\u2019\u00e9tanch\u00e9it\u00e9 \u00e9tant\nmoindre, les cagoules et \u00e9crans faciaux avec bavette vont faire leurs entr\u00e9es.\nCeci apporte une protection suppl\u00e9mentaire au travailleur g\u00e9n\u00e9ralement ce type\nest d\u00e9sign\u00e9 comme un syst\u00e8me d\u2019\u00e9puration d\u2019air propuls\u00e9 (PAPR en anglais). Il\nest constitu\u00e9 d\u2019une batterie, d\u2019un moteur, d\u2019un ou plusieurs \u00e9l\u00e9ments\nfiltrants, d\u2019une ceinture et d\u2019une pi\u00e8ce faciale. Il se distingue par le choix\nde sa pi\u00e8ce faciale. Chacune ayant des caract\u00e9ristiques propres \u00e0 son\nenvironnement de travail.<\/p>\n\n\n\n<p><strong>Le type visi\u00e8res.<\/strong><\/p>\n\n\n\n<p>On retrouve le type visi\u00e8re et joint en Tyvek<sup>Mc<\/sup>\npour les travailleurs portant la barbe. (Les irr\u00e9ductibles barbus). Le type\navec cagoule simple et le type de cagoule \u00e9tanche. Le choix des parties\nfaciales est reli\u00e9 avec le facteur de protection.<\/p>\n\n\n\n<p>Notons ici que les mod\u00e8les avec un facteur de protection de 25 sont certes le Versaflo<sup>Mc<\/sup> de 3M<sup>Mc<\/sup> qui offre un tel respirateur. Il est confortable et un choix d\u2019entr\u00e9e de gamme pour les travaux impliquant des poussi\u00e8res. Il est \u00e9galement choisi lorsque les utilisateurs sont des hommes non finement ras\u00e9s quotidiennement. C\u2019est la fa\u00e7on de faire pour allier protection et barbus.<\/p>\n\n\n\n<p><strong>Les \u00e9quipements\nrespiratoires avec un facteur de protection de 1000<\/strong><\/p>\n\n\n\n<div class=\"wp-block-image\"><figure class=\"aligncenter size-large is-resized\"><img loading=\"lazy\" decoding=\"async\" src=\"https:\/\/masquedeprotection.ca\/wp-content\/uploads\/2020\/07\/RVTR300ECK_2016.jpg\" alt=\"\" class=\"wp-image-23\" width=\"282\" height=\"267\" srcset=\"https:\/\/masquedeprotection.ca\/wp-content\/uploads\/2020\/07\/RVTR300ECK_2016.jpg 1000w, https:\/\/masquedeprotection.ca\/wp-content\/uploads\/2020\/07\/RVTR300ECK_2016-300x285.jpg 300w, https:\/\/masquedeprotection.ca\/wp-content\/uploads\/2020\/07\/RVTR300ECK_2016-768x730.jpg 768w\" sizes=\"auto, (max-width: 282px) 100vw, 282px\" \/><\/figure><\/div>\n\n\n\n<p>Ce type d\u2019\u00e9quipement est principalement motoris\u00e9 ou aliment\u00e9\nen air par une source d\u2019air via des tuyaux.<\/p>\n\n\n\n<p>\u2022&nbsp;&nbsp; Les syst\u00e8mes \u00e0 adduction d\u2019air basse pression<\/p>\n\n\n\n<p>\u2022&nbsp;&nbsp; Les syst\u00e8mes \u00e0 adduction d\u2019air haute pression<\/p>\n\n\n\n<p>\u2022&nbsp;&nbsp; Les PAPR type Versaflo<sup>Mc<\/sup> de 3M<sup>Mc<\/sup> avec partie faciale sp\u00e9cifique.<\/p>\n\n\n\n<p>\u2022&nbsp;&nbsp; Le PAPR muni d\u2019un masque plein-visage.<\/p>\n\n\n\n<p><strong>Les syst\u00e8mes \u00e0\nadduction d\u2019air.<\/strong><\/p>\n\n\n\n<p>Ces syst\u00e8mes sont constitu\u00e9s d\u2019une pompe \u00e0 basse ou haute\npression, un syst\u00e8me de tuyauterie, une ceinture et une pi\u00e8ce faciale. En Gros\non s\u00e9lection les syst\u00e8mes a adduction d\u2019air lorsque les contaminants en\npr\u00e9sence ne sont pas filtrable par des cartouches a charbon activ\u00e9. C\u2019est\nsouvent le cas de produits consid\u00e9r\u00e9s comme canc\u00e9rig\u00e8ne ou t\u00e9ratog\u00e8ne. Un des\nexemples communs est la pr\u00e9sence d\u2019isocyanates dans la peinture.<\/p>\n\n\n\n<p>Ces pompes permettent le branchement de diff\u00e9rentes pi\u00e8ces\nfaciales telles que :<\/p>\n\n\n\n<p>\u2022&nbsp;&nbsp; Demi-masque : Facteur de protection de 1000.<\/p>\n\n\n\n<p>\u2022&nbsp;&nbsp; Masque plein-visage : Facteur de protection de 1000.<\/p>\n\n\n\n<p>\u2022&nbsp;&nbsp; Cagoule : Facteur de protection de 1000.<\/p>\n\n\n\n<p>\u2022&nbsp;&nbsp; Cagoule avec casque de s\u00e9curit\u00e9 : Facteur de protection de 1000. <\/p>\n\n\n\n<p>Noter que l\u2019utilisation de cagoule est recommand\u00e9e pour les travailleurs non finement ras\u00e9e. De plus, les pompes destin\u00e9es aux cagoules sont plus puissantes en raison des pertes d\u2019air plus importantes que ce choix implique. C\u2019est pourquoi qu\u2019il est important de v\u00e9rifier soigneusement la capacit\u00e9 de votre pompe si vous passer d\u2019un demi-masque ou respirateur plein visage vers les cagoules.<\/p>\n\n\n\n<div class=\"wp-block-image\"><figure class=\"aligncenter size-large is-resized\"><img loading=\"lazy\" decoding=\"async\" src=\"https:\/\/masquedeprotection.ca\/wp-content\/uploads\/2020\/07\/9220-01_6x6_silo-1024x1024.jpg\" alt=\"\" class=\"wp-image-24\" width=\"319\" height=\"319\" srcset=\"https:\/\/masquedeprotection.ca\/wp-content\/uploads\/2020\/07\/9220-01_6x6_silo-1024x1024.jpg 1024w, https:\/\/masquedeprotection.ca\/wp-content\/uploads\/2020\/07\/9220-01_6x6_silo-300x300.jpg 300w, https:\/\/masquedeprotection.ca\/wp-content\/uploads\/2020\/07\/9220-01_6x6_silo-150x150.jpg 150w, https:\/\/masquedeprotection.ca\/wp-content\/uploads\/2020\/07\/9220-01_6x6_silo-768x768.jpg 768w, https:\/\/masquedeprotection.ca\/wp-content\/uploads\/2020\/07\/9220-01_6x6_silo-1536x1536.jpg 1536w, https:\/\/masquedeprotection.ca\/wp-content\/uploads\/2020\/07\/9220-01_6x6_silo-100x100.jpg 100w\" sizes=\"auto, (max-width: 319px) 100vw, 319px\" \/><\/figure><\/div>\n\n\n\n<p><strong>Les syst\u00e8mes le\nVersaflo<sup>Mc<\/sup> TR300, TR600 et TR800.<\/strong><\/p>\n\n\n\n<p>Ce sont des syst\u00e8mes motoris\u00e9s qui permettent une panoplie\nde partie faciale. Le choix de la partie faciale d\u00e9termine le facteur de\nprotection.<\/p>\n\n\n\n<p><strong>Le <a href=\"https:\/\/www.sylprotec.com\/fr\/224-respirateur-a-epuration-d-air-motorise-versaflo\" target=\"_blank\" rel=\"noreferrer noopener\" aria-label=\"TR300 (s\u2019ouvre dans un nouvel onglet)\">TR300<\/a>.<\/strong><\/p>\n\n\n\n<p>Exclusivement pour des poussi\u00e8res et les a\u00e9rosols. Ne peut\n\u00eatre utilis\u00e9 qu\u2019avec un seul et unique filtre HEPA.<\/p>\n\n\n\n<p>Grand choix de partie faciale.<\/p>\n\n\n\n<p>\u2022&nbsp;&nbsp; Visi\u00e8res et bavette avec facteur de protection de 25<\/p>\n\n\n\n<p>\u2022&nbsp;&nbsp;Cagoule r\u00e9guli\u00e8re pour un facteur de protection de 100.<\/p>\n\n\n\n<p>\u2022&nbsp;&nbsp;&nbsp;Cagoule avec bavette double pour un facteur de protection de 1000<\/p>\n\n\n\n<p>\u2022&nbsp;&nbsp; Casque dur et visi\u00e8re pour un facteur de protection de 25.<\/p>\n\n\n\n<p>\u2022&nbsp;&nbsp; Casque dur et visi\u00e8re avec bavette double avec facteur de protection de 1000.<\/p>\n\n\n\n<div class=\"wp-block-image\"><figure class=\"aligncenter size-large is-resized\"><img loading=\"lazy\" decoding=\"async\" src=\"https:\/\/masquedeprotection.ca\/wp-content\/uploads\/2020\/07\/RVTR302N-D.jpg\" alt=\"\" class=\"wp-image-26\" width=\"184\" height=\"193\" srcset=\"https:\/\/masquedeprotection.ca\/wp-content\/uploads\/2020\/07\/RVTR302N-D.jpg 650w, https:\/\/masquedeprotection.ca\/wp-content\/uploads\/2020\/07\/RVTR302N-D-286x300.jpg 286w\" sizes=\"auto, (max-width: 184px) 100vw, 184px\" \/><\/figure><\/div>\n\n\n\n<p><strong><a href=\"https:\/\/www.sylprotec.com\/fr\/226-respirateurs-versaflo-tr-600-a-epuration-d-air-motorise-de-3m\" target=\"_blank\" rel=\"noreferrer noopener\" aria-label=\"TR600 (s\u2019ouvre dans un nouvel onglet)\">TR600<\/a><\/strong><\/p>\n\n\n\n<p>Offre la possibilit\u00e9 d\u2019utiliser des filtres HEPA pour les\npoussi\u00e8res, mais aussi des cartouches avec charbons activ\u00e9s pour filtrer\ncertains gaz et vapeurs et des cartouches combin\u00e9s pour filtrer les poussi\u00e8res\net les vapeurs et gaz.<\/p>\n\n\n\n<p>Grand choix de partie faciale.<\/p>\n\n\n\n<p>\u2022&nbsp;&nbsp;&nbsp;Visi\u00e8res et bavette avec facteur de protection de 25<\/p>\n\n\n\n<p>\u2022&nbsp;&nbsp; Cagoule r\u00e9guli\u00e8re pour un facteur de protection de 100.<\/p>\n\n\n\n<p>\u2022&nbsp;&nbsp; Cagoule avec bavette double pour un facteur de protection de 1000<\/p>\n\n\n\n<p>\u2022&nbsp;&nbsp; Casque dur et visi\u00e8re pour un facteur de protection de 25<\/p>\n\n\n\n<p>\u2022&nbsp;&nbsp; Casque dur et visi\u00e8re avec bavette double avec facteur de protection de 1000.<\/p>\n\n\n\n<p><\/p>\n\n\n\n<div class=\"wp-block-image\"><figure class=\"aligncenter size-large is-resized\"><img loading=\"lazy\" decoding=\"async\" src=\"https:\/\/masquedeprotection.ca\/wp-content\/uploads\/2020\/07\/IMG_0025.png\" alt=\"\" class=\"wp-image-27\" width=\"268\" height=\"241\" srcset=\"https:\/\/masquedeprotection.ca\/wp-content\/uploads\/2020\/07\/IMG_0025.png 1000w, https:\/\/masquedeprotection.ca\/wp-content\/uploads\/2020\/07\/IMG_0025-300x270.png 300w, https:\/\/masquedeprotection.ca\/wp-content\/uploads\/2020\/07\/IMG_0025-768x692.png 768w\" sizes=\"auto, (max-width: 268px) 100vw, 268px\" \/><\/figure><\/div>\n\n\n\n<p><strong>Le TR800<\/strong><\/p>\n\n\n\n<p>Le dernier venu de la s\u00e9rie Versaflo<sup>Mc<\/sup> de la\ncompagnie 3M<sup>Mc<\/sup>. Il poss\u00e8de les m\u00eames avantages que le tr600 en plus\nd\u2019\u00eatre intrins\u00e8que. Donc il peut \u00eatre utilis\u00e9 dans des environnements avec des\nrisques d\u2019explosion.<\/p>\n\n\n\n<p>Grand choix de partie faciale.<\/p>\n\n\n\n<p>\u2022&nbsp;&nbsp; Visi\u00e8res et bavette avec facteur de protection de 25<\/p>\n\n\n\n<p>\u2022&nbsp;&nbsp; Cagoule r\u00e9guli\u00e8re pour un facteur de protection de 100.<\/p>\n\n\n\n<p>\u2022&nbsp;&nbsp; Cagoule avec bavette double pour un facteur de protection de 1000<\/p>\n\n\n\n<p>\u2022&nbsp;&nbsp; Casque dur et visi\u00e8re pour un facteur de protection de 25<\/p>\n\n\n\n<p>\u2022&nbsp;&nbsp; Casque dur et visi\u00e8re avec bavette double avec facteur de protection de 1000.<\/p>\n\n\n\n<div class=\"wp-block-image\"><figure class=\"alignright size-large is-resized\"><img loading=\"lazy\" decoding=\"async\" src=\"https:\/\/masquedeprotection.ca\/wp-content\/uploads\/2020\/07\/Rgvp_2016-869x1024.jpg\" alt=\"\" class=\"wp-image-29\" width=\"251\" height=\"296\" srcset=\"https:\/\/masquedeprotection.ca\/wp-content\/uploads\/2020\/07\/Rgvp_2016-869x1024.jpg 869w, https:\/\/masquedeprotection.ca\/wp-content\/uploads\/2020\/07\/Rgvp_2016-255x300.jpg 255w, https:\/\/masquedeprotection.ca\/wp-content\/uploads\/2020\/07\/Rgvp_2016-768x905.jpg 768w, https:\/\/masquedeprotection.ca\/wp-content\/uploads\/2020\/07\/Rgvp_2016.jpg 1000w\" sizes=\"auto, (max-width: 251px) 100vw, 251px\" \/><\/figure><\/div>\n\n\n\n<p><strong>Le syst\u00e8me GVP.<\/strong><\/p>\n\n\n\n<p>Un syst\u00e8me motoris\u00e9 de construction robuste ayant fait ses preuves. Au moment d\u2019\u00e9crire cet article, le mod\u00e8le est en voie d\u2019\u00eatre discontinu\u00e9 par son fabricant 3M<sup>Mc<\/sup>. Sans \u00eatre tout \u00e0 fait \u00e9quivalent, le TR800 poss\u00e8de des caract\u00e9ristiques similaires.<\/p>\n\n\n\n<p><\/p>\n\n\n\n<p><strong>Les syst\u00e8mes <a href=\"https:\/\/www.sylprotec.com\/fr\/59-respirateurs-a-epuration-d-air-motorise-pour-l-amiante\" target=\"_blank\" rel=\"noreferrer noopener\" aria-label=\"PAPR Power flow (s\u2019ouvre dans un nouvel onglet)\">PAPR Power flow<\/a> pour l\u2019enl\u00e8vement de l\u2019amiante. <\/strong><\/p>\n\n\n\n<p>Ces syst\u00e8mes sont sp\u00e9cifiques aux travailleurs affect\u00e9s aux\ntravaux d\u2019enl\u00e8vement de l\u2019amiante. Le facteur de protection associ\u00e9 \u00e0 ces\nappareils est de 1000. Il comprend les composantes suivantes :<\/p>\n\n\n\n<ul class=\"wp-block-list\"><li>Moteur souffleur<\/li><\/ul>\n\n\n\n<p>\u2022&nbsp;&nbsp; Filtre HEPA<\/p>\n\n\n\n<p>\u2022&nbsp;&nbsp; Ceinture<\/p>\n\n\n\n<p>\u2022&nbsp;&nbsp; Batterie d\u2019une autonomie de 8 heures.<\/p>\n\n\n\n<p>\u2022&nbsp;&nbsp;D\u00e9bitm\u00e8tre (pour mesurer la fin de vie du filtre HEPA)<\/p>\n\n\n\n<p>\u2022&nbsp;&nbsp; Masque plein-visage.<\/p>\n\n\n\n<p>L\u2019avantage de ces \u00e9quipements est qu\u2019il procure la\npossibilit\u00e9 de porter un casque de s\u00e9curit\u00e9. Le casque de s\u00e9curit\u00e9 est\nobligatoire et seulement le port du masque plein-visage permet l\u2019utilisation\nsimultan\u00e9e. De plus, ils sont plus faciles \u00e0 d\u00e9contaminer, un enjeu important\navec l\u2019amiante.<\/p>\n\n\n\n<div class=\"wp-block-image\"><figure class=\"alignright size-large is-resized\"><img loading=\"lazy\" decoding=\"async\" src=\"https:\/\/masquedeprotection.ca\/wp-content\/uploads\/2020\/07\/r6800pf_ensemble_prise-1-884x1024.jpg\" alt=\"\" class=\"wp-image-30\" width=\"231\" height=\"267\" srcset=\"https:\/\/masquedeprotection.ca\/wp-content\/uploads\/2020\/07\/r6800pf_ensemble_prise-1-884x1024.jpg 884w, https:\/\/masquedeprotection.ca\/wp-content\/uploads\/2020\/07\/r6800pf_ensemble_prise-1-259x300.jpg 259w, https:\/\/masquedeprotection.ca\/wp-content\/uploads\/2020\/07\/r6800pf_ensemble_prise-1-768x889.jpg 768w, https:\/\/masquedeprotection.ca\/wp-content\/uploads\/2020\/07\/r6800pf_ensemble_prise-1-1327x1536.jpg 1327w, https:\/\/masquedeprotection.ca\/wp-content\/uploads\/2020\/07\/r6800pf_ensemble_prise-1-1769x2048.jpg 1769w\" sizes=\"auto, (max-width: 231px) 100vw, 231px\" \/><\/figure><\/div>\n\n\n\n<p>Un autre point important concernant ces deux \u00e9quipements. Le produit 3M Power flow est reconnu comme fragile au niveau du c\u00e2ble qui relie le moteur souffleur et la batterie. Ils sont r\u00e9parables, mais les co\u00fbts et la perte durant la r\u00e9paration de l\u2019\u00e9quipement sont \u00e0 consid\u00e9rer. Pour r\u00e9duire les bris au fils d\u2019alimentation du moteur le fabriquant sugg\u00e8re l\u2019utilisation du sac de rangement R529\/01\/56R01. Les travailleurs doivent alors retirer le couvert pour d\u00e9branch\u00e9 le fils de la batterie il \u00e9vite donc de tirer sur le fil et de caus\u00e9 des dommages au filage.<\/p>\n\n\n\n<p><strong>Le syst\u00e8me d\u2019Honeywell RNPR501 pour l\u2019enl\u00e8vement de l\u2019amiante.<\/strong><\/p>\n\n\n\n<p>Le syst\u00e8me d\u2019Honeywell <a rel=\"noreferrer noopener\" aria-label=\"RNPR501 (s\u2019ouvre dans un nouvel onglet)\" href=\"https:\/\/www.sylprotec.com\/fr\/respirateurs-et-cartouche-de-north\/5779-ensemble-survivair-a-epuration-dair-motorise-ideal-pour-desamiantage-et-decontamination-grandeur-large.html\" target=\"_blank\">RNPR501<\/a> tant \u00e0 lui au moment d\u2019\u00e9crire cet article est tr\u00e8s appr\u00e9ci\u00e9 des utilisateurs. Voici quelqu&rsquo;un de leurs commentaires.<\/p>\n\n\n\n<ul class=\"wp-block-list\"><li>Plus d\u2019apport d\u2019air.<\/li><li>Plus robuste que le Power flow<\/li><li>La vision vers le bas est moins bon on doit\npencher le cou pour voir.<\/li><li>Son prix de d\u00e9tail est l\u00e9g\u00e8rement plus \u00e9lev\u00e9\nn\u2019est pas un obstacle en raison de la robustesse de l\u2019\u00e9quipement.<\/li><li>Certains utilisateurs ont rapport\u00e9 que les\nattaches exercent une pression et fini par donner un mal de t\u00eate.<\/li><li>Le centre de service est seulement aux\n\u00c9tats-Unis.<\/li><\/ul>\n\n\n\n<div class=\"wp-block-image\"><figure class=\"aligncenter size-large is-resized\"><img loading=\"lazy\" decoding=\"async\" src=\"https:\/\/masquedeprotection.ca\/wp-content\/uploads\/2020\/07\/RNPR501-2-1024x1024.jpg\" alt=\"\" class=\"wp-image-31\" width=\"200\" height=\"200\" srcset=\"https:\/\/masquedeprotection.ca\/wp-content\/uploads\/2020\/07\/RNPR501-2-1024x1024.jpg 1024w, https:\/\/masquedeprotection.ca\/wp-content\/uploads\/2020\/07\/RNPR501-2-300x300.jpg 300w, https:\/\/masquedeprotection.ca\/wp-content\/uploads\/2020\/07\/RNPR501-2-150x150.jpg 150w, https:\/\/masquedeprotection.ca\/wp-content\/uploads\/2020\/07\/RNPR501-2-768x768.jpg 768w, https:\/\/masquedeprotection.ca\/wp-content\/uploads\/2020\/07\/RNPR501-2-1536x1536.jpg 1536w, https:\/\/masquedeprotection.ca\/wp-content\/uploads\/2020\/07\/RNPR501-2-100x100.jpg 100w, https:\/\/masquedeprotection.ca\/wp-content\/uploads\/2020\/07\/RNPR501-2.jpg 2000w\" sizes=\"auto, (max-width: 200px) 100vw, 200px\" \/><\/figure><\/div>\n\n\n\n<p><strong>Les syst\u00e8mes de protection avec facteur de protection de 10\u2009000<\/strong><\/p>\n\n\n\n<p>Le top du top. Principalement les syst\u00e8mes respiratoires\nutilis\u00e9s par les pompiers et les travailleurs dans les espaces clos. Il s\u2019agit\nde syst\u00e8me avec un r\u00e9servoir d\u2019air respirable. Qui permet une autonomie de\nmouvement. Les pi\u00e8ces faciales sont des respirateurs plein visage.<\/p>\n\n\n\n<p>Ces \u00e9quipements sont sujets \u00e0 des r\u00e8gles et des exigences\nenvers les utilisateurs tels que.<\/p>\n\n\n\n<p>\u2022&nbsp;&nbsp; Formation approfondie<\/p>\n\n\n\n<p>\u2022&nbsp;&nbsp; Examen m\u00e9dical r\u00e9gulier<\/p>\n\n\n\n<p>\u2022&nbsp;&nbsp; Restriction sur la forme physique et l\u2019\u00e2ge de l\u2019utilisateur.<\/p>\n\n\n\n<p><strong>Autres syst\u00e8mes.<\/strong><\/p>\n\n\n\n<p>Sans \u00eatre exhaustif, il existe d\u2019autres produits\nrespiratoires faits par des manufacturiers qui poss\u00e8dent les m\u00eames approbations\nque ceux cit\u00e9s dans cet article. J\u2019ai privil\u00e9gi\u00e9 ceux dont la disponibilit\u00e9 et\nle r\u00e9seau de distribution sont \u00e9tablis. <\/p>\n\n\n\n<p>Vous pouvez obtenir ces respirateurs motoris\u00e9s et d\u2019autres chez <a href=\"https:\/\/www.sylprotec.com\/fr\/\" target=\"_blank\" rel=\"noreferrer noopener\" aria-label=\" (s\u2019ouvre dans un nouvel onglet)\">Sylprotec<\/a>. Vous pouvez acheter en ligne ou \u00e0 leur magasin de Saint-L\u00e9onard. Vous y trouverez \u00e9galement une vaste s\u00e9lection <a rel=\"noreferrer noopener\" aria-label=\" (s\u2019ouvre dans un nouvel onglet)\" href=\"https:\/\/www.sylprotec.com\/fr\/164-protection-individuelle\" target=\"_blank\">d\u2019\u00e9quipements de s\u00e9curit\u00e9<\/a>, <a rel=\"noreferrer noopener\" aria-label=\" (s\u2019ouvre dans un nouvel onglet)\" href=\"https:\/\/www.sylprotec.com\/fr\/10-premiers-soins\" target=\"_blank\">des trousses de premiers soins<\/a> et plus encore.<\/p>\n\n\n\n<p>Sylvain\nPatrice t.p. i.<\/p>\n\n\n\n<p>Du m\u00eame auteur : <\/p>\n\n\n\n<p><a href=\"https:\/\/protectionrespiratoire.ca\/\" target=\"_blank\" rel=\"noreferrer noopener\" aria-label=\" (s\u2019ouvre dans un nouvel onglet)\">Protection respiratoire, les respirateurs jetables.<\/a><\/p>\n\n\n\n<p><a href=\"https:\/\/masquesdeprotection.ca\/\" target=\"_blank\" rel=\"noreferrer noopener\" aria-label=\" (s\u2019ouvre dans un nouvel onglet)\">Protection respiratoire, les respirateurs r\u00e9utilisables munis d\u2019\u00e9l\u00e9ments filtrants interchangeables.<\/a><\/p>\n\n\n\n<p><a href=\"https:\/\/produitsabsorbant.ca\/\" target=\"_blank\" rel=\"noreferrer noopener\" aria-label=\" (s\u2019ouvre dans un nouvel onglet)\">Norme applicable au transport des marchandises dangereuses (T.M.D.)<\/a><\/p>\n\n\n\n<p><a href=\"https:\/\/cadenassagemontreal.ca\/\" target=\"_blank\" rel=\"noreferrer noopener\" aria-label=\" (s\u2019ouvre dans un nouvel onglet)\">Le verrouillage multiple.<\/a> <\/p>\n\n\n\n<p><a href=\"https:\/\/espacesclos.ca\/\" target=\"_blank\" rel=\"noreferrer noopener\" aria-label=\" (s\u2019ouvre dans un nouvel onglet)\">La gestion des espaces clos.<\/a> <\/p>\n\n\n\n<p><a href=\"https:\/\/masquedeprotection.ca\/wp-admin\/\" target=\"_blank\" rel=\"noreferrer noopener\" aria-label=\"Le casque de s\u00e9curit\u00e9 un \u00e9quipement de protection indispensable. (s\u2019ouvre dans un nouvel onglet)\">Le casque de s\u00e9curit\u00e9 un \u00e9quipement de protection indispensable.<\/a><\/p>\n","protected":false},"excerpt":{"rendered":"<p>Lorsque les travailleurs sont en pr\u00e9sence de contaminants plus toxiques, le choix d\u2019\u00e9quipements plus sophistiqu\u00e9 s\u2019impose. Nous avons r\u00e9pertori\u00e9 les \u00e9quipements de protection respiratoire avec des facteurs de protection de 25 et plus. Les respirateurs avec des facteurs de protection de 25. D\u2019ambl\u00e9 lorsqu\u2019on recherche ce type de facteur de protection on se dirige vers &hellip; <\/p>\n<p class=\"link-more\"><a href=\"https:\/\/masquedeprotection.ca\/\" class=\"more-link\">Continuer la lecture<span class=\"screen-reader-text\"> de &laquo;&nbsp;Protection respiratoire, les respirateurs motoris\u00e9 et autonome.&nbsp;&raquo;<\/span><\/a><\/p>\n","protected":false},"author":1,"featured_media":0,"parent":0,"menu_order":0,"comment_status":"closed","ping_status":"closed","template":"","meta":{"footnotes":""},"class_list":["post-2","page","type-page","status-publish","hentry"],"_links":{"self":[{"href":"https:\/\/masquedeprotection.ca\/wp-json\/wp\/v2\/pages\/2","targetHints":{"allow":["GET"]}}],"collection":[{"href":"https:\/\/masquedeprotection.ca\/wp-json\/wp\/v2\/pages"}],"about":[{"href":"https:\/\/masquedeprotection.ca\/wp-json\/wp\/v2\/types\/page"}],"author":[{"embeddable":true,"href":"https:\/\/masquedeprotection.ca\/wp-json\/wp\/v2\/users\/1"}],"replies":[{"embeddable":true,"href":"https:\/\/masquedeprotection.ca\/wp-json\/wp\/v2\/comments?post=2"}],"version-history":[{"count":17,"href":"https:\/\/masquedeprotection.ca\/wp-json\/wp\/v2\/pages\/2\/revisions"}],"predecessor-version":[{"id":36,"href":"https:\/\/masquedeprotection.ca\/wp-json\/wp\/v2\/pages\/2\/revisions\/36"}],"wp:attachment":[{"href":"https:\/\/masquedeprotection.ca\/wp-json\/wp\/v2\/media?parent=2"}],"curies":[{"name":"wp","href":"https:\/\/api.w.org\/{rel}","templated":true}]}}